{"id":666,"date":"2017-02-03T12:22:39","date_gmt":"2017-02-03T11:22:39","guid":{"rendered":"http:\/\/marco.puruno.com\/wp\/11a\/home-copy\/"},"modified":"2025-11-14T14:39:37","modified_gmt":"2025-11-14T13:39:37","slug":"home","status":"publish","type":"page","link":"https:\/\/bodega-el-amigo.de\/","title":{"rendered":"home"},"content":{"rendered":"<div id=\"modal-ready\"><p>[vc_row overlay_color=&#8221;rgba(0,0,0,0.01)&#8221; el_id=&#8221;lieferung&#8221;][vc_column width=&#8221;1\/4&#8243;][vc_icon type=&#8221;entypo&#8221; icon_entypo=&#8221;entypo-icon entypo-icon-info&#8221; color=&#8221;black&#8221; background_style=&#8221;rounded-outline&#8221; size=&#8221;lg&#8221; align=&#8221;center&#8221;][\/vc_column][vc_column width=&#8221;1\/2&#8243;][vc_empty_space][vc_empty_space][vc_column_text]<\/p>\n<h3 style=\"text-align: center;\">Telefonnummer f\u00fcr Reservierungen &amp; Bestellungen:<br \/>\n<span style=\"color: #800000;\"><a style=\"color: #800000;\" href=\"tel:06994599415\">069 94 59 94 15 <\/a><br \/>\n<\/span>(Di-Sa, 16:00 Uhr-21:00Uhr)<\/h3>\n<h3 style=\"text-align: center;\">\u00d6ffnungszeiten Weihnachten &amp; Silvester<\/h3>\n<p>&nbsp;<\/p>\n<p style=\"text-align: center;\">23.12.2025 ge\u00f6ffnet 17:00-23:00Uhr<\/p>\n<p style=\"text-align: center;\">24.12.2025 geschlossen<\/p>\n<p style=\"text-align: center;\">25.12.2025 geschlossen<\/p>\n<p style=\"text-align: center;\">26.12.2025 offen 17:00-23:00 Uhr<\/p>\n<p style=\"text-align: center;\">27.12.2025 offen 17:00-23:00 Uhr<\/p>\n<p style=\"text-align: center;\">28.12.2025 &#8211; einschlie\u00dflich 01.01.2025 geschlossen.<\/p>\n<p style=\"text-align: center;\">Ab dem 02.01.2026 sind wir wieder wie gewohnt f\u00fcr euch da.<\/p>\n<p style=\"text-align: center;\">Wir w\u00fcnschen einen guten Rutsch und sch\u00f6ne und besinnliche Weihnachten.<\/p>\n<p>&nbsp;<\/p>\n<p>[\/vc_column_text][\/vc_column][\/vc_row][vc_row equal_height=&#8221;yes&#8221; content_placement=&#8221;middle&#8221; overlay_color=&#8221;rgba(0,0,0,0.01)&#8221; css=&#8221;.vc_custom_1485243761347{padding-top: 90px !important;padding-bottom: 45px !important;}&#8221; el_id=&#8221;taste&#8221;][vc_column width=&#8221;1\/2&#8243; css=&#8221;.vc_custom_1485165641158{padding-top: 30px !important;padding-bottom: 30px !important;}&#8221;]<div class=\"text-center page-header id_169fb02ad84d0c345470976 animate-text alt-h\"><div style=\"color: #333333\"><\/p>\n<h3>Bienvenido a la Bodega El Amigo<\/h3>\n<p><\/div><\/div><div class=\"custom-styles\" data-styles=\".id_169fb02ad84d0c345470976 .post-meta li a, .id_169fb02ad84d0c345470976 .post-meta { color: #333333 } .id_169fb02ad84d0c345470976 .link-hover:after {background:#333333}\"><\/div>[vc_empty_space][vc_column_text css=&#8221;.vc_custom_1579121921022{padding-right: 10% !important;padding-left: 10% !important;}&#8221;]Herzlich Willkommen in der Bodega el Amigo \u2013 dem spanischen Lokal in Bornheim!<\/p>\n<p>Wir bieten Ihnen einen Hauch von Spanien mitten in Frankfurt. Schauen Sie vorbei und genie\u00dfen Sie mit uns das Leben auf die spanische Art.[\/vc_column_text]<div class=\"text-center animate-text\"><a href=\"http:\/\/bodega-el-amigo.de\/#reservierung\"  class=\"btn btn-sm btn-border-animate btn-dark   \">\n\t\t\t\t<span class=\"btn-text \">Anfahrt &amp; Kontakt<span class=\"top button-border\"><\/span>\n\t\t\t\t<span class=\"left left-bottom button-border\"><\/span>\n\t\t\t\t<span class=\"left left-top button-border\"><\/span>\n\t\t\t\t<span class=\"bottom bottom-right button-border\"><\/span>\n\t\t\t\t<span class=\"bottom bottom-left button-border\"><\/span>\n\t\t\t\t<span class=\"right button-border\"><\/span><\/span>\n\t\t\t<\/a><\/div>[\/vc_column][vc_column width=&#8221;1\/2&#8243;][vc_row_inner][vc_column_inner width=&#8221;1\/2&#8243; offset=&#8221;vc_col-xs-6&#8243;][vc_single_image image=&#8221;778&#8243; img_size=&#8221;full&#8221; onclick=&#8221;zoom&#8221;][\/vc_column_inner][vc_column_inner width=&#8221;1\/2&#8243; offset=&#8221;vc_col-xs-6&#8243;][vc_single_image image=&#8221;794&#8243; img_size=&#8221;full&#8221; onclick=&#8221;zoom&#8221;][\/vc_column_inner][\/vc_row_inner][\/vc_column][\/vc_row][vc_row full_width=&#8221;stretch_row_content&#8221; overlay_color=&#8221;rgba(0,0,0,0.01)&#8221; css=&#8221;.vc_custom_1485175473981{padding-top: 45px !important;padding-bottom: 90px !important;}&#8221;][vc_column width=&#8221;1\/4&#8243;]<div class=\"mosaic-item id_169fb02ad88d891074462326\" data-sm-height=\"200\" data-lg-height=\"530\">\n\t\t\t\t<div class=\"mosaic-link\">\n\t\t\t\t\t<div class=\"mosaic-img\" style=\"background-image: url(https:\/\/bodega-el-amigo.de\/wp-content\/uploads\/2020\/02\/11-min-682x1024.jpg)\"><\/div>\n\t\t\t\t\t<div class=\"mosaic-info\" style=\"color: #ffffff\">\n\t\t\t\t\t\t\n\t\t\t\t\t\t\n\t\t\t\t\t<\/div>\n\t\t\t\t\t<div class=\"mosaic-item-overlay\"><\/div>\n\t\t\t\t<\/div>\n\t\t\t<\/div><div class=\"custom-styles\" data-styles=\".id_169fb02ad88d891074462326 .mosaic-item-overlay { background: -moz-linear-gradient(top, rgba(0,0,0,0.01) 0%, #111111 100%); background: -webkit-linear-gradient(top,  rgba(0,0,0,0.01) 0%,#111111 100%); background: linear-gradient(to bottom,  rgba(0,0,0,0.01) 0%,#111111 100%); filter: progid:DXImageTransform.Microsoft.gradient( startColorstr='#b3000000', endColorstr='#b3000000',GradientType=0 ); }.id_169fb02ad88d891074462326 .mosaic-info .mosaic-link:after { background: #ffffff; }\"><\/div>[\/vc_column][vc_column width=&#8221;1\/4&#8243;]<div class=\"mosaic-item id_169fb02ad890721463693976\" data-sm-height=\"200\" data-lg-height=\"300\">\n\t\t\t\t<div class=\"mosaic-link\">\n\t\t\t\t\t<div class=\"mosaic-img\" style=\"background-image: url(https:\/\/bodega-el-amigo.de\/wp-content\/uploads\/2020\/01\/67390379_2334448966644191_8291695816767176704_o.jpg)\"><\/div>\n\t\t\t\t\t<div class=\"mosaic-info\" style=\"color: #ffffff\">\n\t\t\t\t\t\t\n\t\t\t\t\t\t\n\t\t\t\t\t<\/div>\n\t\t\t\t\t<div class=\"mosaic-item-overlay\"><\/div>\n\t\t\t\t<\/div>\n\t\t\t<\/div><div class=\"custom-styles\" data-styles=\".id_169fb02ad890721463693976 .mosaic-item-overlay { background: -moz-linear-gradient(top, rgba(0,0,0,0.01) 0%, #111111 100%); background: -webkit-linear-gradient(top,  rgba(0,0,0,0.01) 0%,#111111 100%); background: linear-gradient(to bottom,  rgba(0,0,0,0.01) 0%,#111111 100%); filter: progid:DXImageTransform.Microsoft.gradient( startColorstr='#b3000000', endColorstr='#b3000000',GradientType=0 ); }.id_169fb02ad890721463693976 .mosaic-info .mosaic-link:after { background: #ffffff; }\"><\/div><div class=\"mosaic-item id_169fb02ad892a92085948537\" data-sm-height=\"200\" data-lg-height=\"200\">\n\t\t\t\t<div class=\"mosaic-link\">\n\t\t\t\t\t<div class=\"mosaic-img\" style=\"background-image: url(https:\/\/bodega-el-amigo.de\/wp-content\/uploads\/2020\/02\/03-min-1024x682.jpg)\"><\/div>\n\t\t\t\t\t<div class=\"mosaic-info\" style=\"color: #ffffff\">\n\t\t\t\t\t\t\n\t\t\t\t\t\t\n\t\t\t\t\t<\/div>\n\t\t\t\t\t<div class=\"mosaic-item-overlay\"><\/div>\n\t\t\t\t<\/div>\n\t\t\t<\/div><div class=\"custom-styles\" data-styles=\".id_169fb02ad892a92085948537 .mosaic-item-overlay { background: -moz-linear-gradient(top, rgba(0,0,0,0.01) 0%, #111111 100%); background: -webkit-linear-gradient(top,  rgba(0,0,0,0.01) 0%,#111111 100%); background: linear-gradient(to bottom,  rgba(0,0,0,0.01) 0%,#111111 100%); filter: progid:DXImageTransform.Microsoft.gradient( startColorstr='#b3000000', endColorstr='#b3000000',GradientType=0 ); }.id_169fb02ad892a92085948537 .mosaic-info .mosaic-link:after { background: #ffffff; }\"><\/div>[\/vc_column][vc_column width=&#8221;1\/4&#8243;]<div class=\"mosaic-item id_169fb02ad894a51399965227\" data-sm-height=\"200\" data-lg-height=\"200\">\n\t\t\t\t<div class=\"mosaic-link\">\n\t\t\t\t\t<div class=\"mosaic-img\" style=\"background-image: url(https:\/\/bodega-el-amigo.de\/wp-content\/uploads\/2020\/01\/26961721_1589777614444667_608244506957196727_o-768x1024.jpg)\"><\/div>\n\t\t\t\t\t<div class=\"mosaic-info\" style=\"color: #ffffff\">\n\t\t\t\t\t\t\n\t\t\t\t\t\t\n\t\t\t\t\t<\/div>\n\t\t\t\t\t<div class=\"mosaic-item-overlay\"><\/div>\n\t\t\t\t<\/div>\n\t\t\t<\/div><div class=\"custom-styles\" data-styles=\".id_169fb02ad894a51399965227 .mosaic-item-overlay { background: -moz-linear-gradient(top, rgba(0,0,0,0.01) 0%, #111111 100%); background: -webkit-linear-gradient(top,  rgba(0,0,0,0.01) 0%,#111111 100%); background: linear-gradient(to bottom,  rgba(0,0,0,0.01) 0%,#111111 100%); filter: progid:DXImageTransform.Microsoft.gradient( startColorstr='#b3000000', endColorstr='#b3000000',GradientType=0 ); }.id_169fb02ad894a51399965227 .mosaic-info .mosaic-link:after { background: #ffffff; }\"><\/div><div class=\"mosaic-item id_169fb02ad89629159692143\" data-sm-height=\"200\" data-lg-height=\"300\">\n\t\t\t\t<div class=\"mosaic-link\">\n\t\t\t\t\t<div class=\"mosaic-img\" style=\"background-image: url(https:\/\/bodega-el-amigo.de\/wp-content\/uploads\/2020\/01\/45570127_1939680782787680_5607441333800140800_n.jpg)\"><\/div>\n\t\t\t\t\t<div class=\"mosaic-info\" style=\"color: #ffffff\">\n\t\t\t\t\t\t\n\t\t\t\t\t\t\n\t\t\t\t\t<\/div>\n\t\t\t\t\t<div class=\"mosaic-item-overlay\"><\/div>\n\t\t\t\t<\/div>\n\t\t\t<\/div><div class=\"custom-styles\" data-styles=\".id_169fb02ad89629159692143 .mosaic-item-overlay { background: -moz-linear-gradient(top, rgba(0,0,0,0.01) 0%, #111111 100%); background: -webkit-linear-gradient(top,  rgba(0,0,0,0.01) 0%,#111111 100%); background: linear-gradient(to bottom,  rgba(0,0,0,0.01) 0%,#111111 100%); filter: progid:DXImageTransform.Microsoft.gradient( startColorstr='#b3000000', endColorstr='#b3000000',GradientType=0 ); }.id_169fb02ad89629159692143 .mosaic-info .mosaic-link:after { background: #ffffff; }\"><\/div>[\/vc_column][vc_column width=&#8221;1\/4&#8243;]<div class=\"mosaic-item id_169fb02ad897691048462691\" data-sm-height=\"200\" data-lg-height=\"530\">\n\t\t\t\t<div class=\"mosaic-link\">\n\t\t\t\t\t<div class=\"mosaic-img\" style=\"background-image: url(https:\/\/bodega-el-amigo.de\/wp-content\/uploads\/2020\/01\/23333918_1522096337879462_7633292824246589872_o-992x1024.jpg)\"><\/div>\n\t\t\t\t\t<div class=\"mosaic-info\" style=\"color: #ffffff\">\n\t\t\t\t\t\t\n\t\t\t\t\t\t\n\t\t\t\t\t<\/div>\n\t\t\t\t\t<div class=\"mosaic-item-overlay\"><\/div>\n\t\t\t\t<\/div>\n\t\t\t<\/div><div class=\"custom-styles\" data-styles=\".id_169fb02ad897691048462691 .mosaic-item-overlay { background: -moz-linear-gradient(top, rgba(0,0,0,0.01) 0%, #111111 100%); background: -webkit-linear-gradient(top,  rgba(0,0,0,0.01) 0%,#111111 100%); background: linear-gradient(to bottom,  rgba(0,0,0,0.01) 0%,#111111 100%); filter: progid:DXImageTransform.Microsoft.gradient( startColorstr='#b3000000', endColorstr='#b3000000',GradientType=0 ); }.id_169fb02ad897691048462691 .mosaic-info .mosaic-link:after { background: #ffffff; }\"><\/div>[\/vc_column][\/vc_row][vc_row equal_height=&#8221;yes&#8221; content_placement=&#8221;middle&#8221; overlay_color=&#8221;rgba(0,0,0,0.01)&#8221; css=&#8221;.vc_custom_1573770009627{padding-top: 45px !important;padding-bottom: 90px !important;}&#8221; el_id=&#8221;menue&#8221;][vc_column width=&#8221;1\/2&#8243;][vc_row_inner][vc_column_inner width=&#8221;1\/2&#8243; offset=&#8221;vc_col-xs-6&#8243;][vc_single_image image=&#8221;810&#8243; img_size=&#8221;full&#8221; onclick=&#8221;zoom&#8221;][vc_single_image image=&#8221;807&#8243; img_size=&#8221;full&#8221; onclick=&#8221;zoom&#8221;][\/vc_column_inner][vc_column_inner width=&#8221;1\/2&#8243; offset=&#8221;vc_col-xs-6&#8243;][vc_single_image image=&#8221;769&#8243; img_size=&#8221;full&#8221; onclick=&#8221;zoom&#8221;][vc_single_image image=&#8221;797&#8243; img_size=&#8221;full&#8221; onclick=&#8221;zoom&#8221;][\/vc_column_inner][\/vc_row_inner][\/vc_column][vc_column width=&#8221;1\/2&#8243;]<div class=\"text-center page-header id_169fb02ad898e81109377951 animate-text alt-h\"><div style=\"color: #333333\"><\/p>\n<h3>Eine gro\u00dfe Auswahl an spanischen Spezialit\u00e4ten<\/h3>\n<p><\/div><\/div><div class=\"custom-styles\" data-styles=\".id_169fb02ad898e81109377951 .post-meta li a, .id_169fb02ad898e81109377951 .post-meta { color: #333333 } .id_169fb02ad898e81109377951 .link-hover:after {background:#333333}\"><\/div>[vc_empty_space][vc_column_text css=&#8221;.vc_custom_1579121864002{padding-right: 10% !important;padding-left: 10% !important;}&#8221;]<\/p>\n<p style=\"text-align: center;\">Ob kalt oder warm, mild oder scharf, vegetarisch oder mit Fleisch \u2013 unsere originellen Tapas lassen keine W\u00fcnsche offen. Zu unseren erlesenen Weinen aus ausgesuchten Regionen Spaniens empfehlen wir zudem feinen Manchego oder aromatischen Zamorano, ein in Oliven\u00f6l gereifter Schafsk\u00e4se. Fleischliebhaber hingegen sch\u00e4tzen unser reichhaltiges Angebot an erstklassigen iberischen Schinken, darunter Spezialit\u00e4ten wie Jam\u00f3n Serrano oder La Jabugue\u00f1a Bellota.<\/p>\n<p style=\"text-align: center;\">Schauen Sie schon vor Ihrem Besuch in unsere Speisekarte und \u00fcberzeugen Sie sich selbst von unserem umfangreichen Angebot.<\/p>\n<p>[\/vc_column_text]<div class=\"text-center animate-text\"><a href=\"https:\/\/bodega-el-amigo.de\/wp-content\/uploads\/2020\/03\/Speisekarte_Bodega-el-Amigo.pdf\" target='_blank' class=\"btn btn-sm btn-border-animate btn-dark   \">\n\t\t\t\t<span class=\"btn-text \">Zur Karte (PDF)<span class=\"top button-border\"><\/span>\n\t\t\t\t<span class=\"left left-bottom button-border\"><\/span>\n\t\t\t\t<span class=\"left left-top button-border\"><\/span>\n\t\t\t\t<span class=\"bottom bottom-right button-border\"><\/span>\n\t\t\t\t<span class=\"bottom bottom-left button-border\"><\/span>\n\t\t\t\t<span class=\"right button-border\"><\/span><\/span>\n\t\t\t<\/a><\/div>[vc_empty_space height=&#8221;0&#8243; height2=&#8221;62&#8243;][\/vc_column][\/vc_row][vc_row full_width=&#8221;stretch_row&#8221; parallax=&#8221;content-moving&#8221; parallax_image=&#8221;52&#8243; disable_element=&#8221;yes&#8221; overlay_color=&#8221;rgba(0,0,0,0.58)&#8221; el_id=&#8221;newsletter&#8221;][vc_column][vc_empty_space height=&#8221;200px&#8221;]<div class=\"text-center page-header id_169fb02ad89955555194165 animate-text alt-h\"><div style=\"color: #ffffff\"><\/p>\n<h2 style=\"text-align: center;\">Sie m\u00f6chten reservieren?<br \/>\nEinfach kurz unser Formular ausf\u00fcllen und wir melden uns in k\u00fcrze zur\u00fcck.<\/h2>\n<p><\/div><\/div><div class=\"custom-styles\" data-styles=\".id_169fb02ad89955555194165 .post-meta li a, .id_169fb02ad89955555194165 .post-meta { color: #ffffff } .id_169fb02ad89955555194165 .link-hover:after {background:#ffffff}\"><\/div>[vc_empty_space height=&#8221;200px&#8221;][\/vc_column][vc_column][\/vc_column][\/vc_row][vc_row equal_height=&#8221;yes&#8221; content_placement=&#8221;middle&#8221; disable_element=&#8221;yes&#8221; overlay_color=&#8221;rgba(0,0,0,0.01)&#8221; css=&#8221;.vc_custom_1573766539161{padding-top: 90px !important;padding-bottom: 45px !important;}&#8221;][vc_column width=&#8221;1\/2&#8243;]<div class=\"text-center page-header id_169fb02ad89986235377713 animate-text alt-h\"><div style=\"color: #333333\"><\/p>\n<h3>Amazing team<\/h3>\n<p><\/div><\/div><div class=\"custom-styles\" data-styles=\".id_169fb02ad89986235377713 .post-meta li a, .id_169fb02ad89986235377713 .post-meta { color: #333333 } .id_169fb02ad89986235377713 .link-hover:after {background:#333333}\"><\/div>[vc_empty_space][vc_column_text css=&#8221;.vc_custom_1484908829635{padding-right: 10% !important;padding-left: 10% !important;}&#8221;]<\/p>\n<p style=\"text-align: center;\">Marco\u00a0is a restaurant, bar and coffee roastery located on a busy corner site in Plymouth Hoe. With glazed frontage on two sides of the building, overlooking the market and a bustling Barbican\u00a0view.<\/p>\n<p>[\/vc_column_text]<div class=\"text-center animate-text\"><a href=\"\"  class=\"btn btn-sm btn-border-animate btn-dark   \">\n\t\t\t\t<span class=\"btn-text \">Meet all of them<span class=\"top button-border\"><\/span>\n\t\t\t\t<span class=\"left left-bottom button-border\"><\/span>\n\t\t\t\t<span class=\"left left-top button-border\"><\/span>\n\t\t\t\t<span class=\"bottom bottom-right button-border\"><\/span>\n\t\t\t\t<span class=\"bottom bottom-left button-border\"><\/span>\n\t\t\t\t<span class=\"right button-border\"><\/span><\/span>\n\t\t\t<\/a><\/div>[vc_empty_space height=&#8221;0&#8243; height2=&#8221;62&#8243;][\/vc_column][vc_column width=&#8221;1\/2&#8243;][vc_row_inner][vc_column_inner width=&#8221;1\/2&#8243; offset=&#8221;vc_col-xs-6&#8243;][vc_single_image image=&#8221;81&#8243; img_size=&#8221;full&#8221; onclick=&#8221;zoom&#8221;][\/vc_column_inner][vc_column_inner width=&#8221;1\/2&#8243; offset=&#8221;vc_col-xs-6&#8243;][vc_single_image image=&#8221;144&#8243; img_size=&#8221;full&#8221; onclick=&#8221;zoom&#8221;][\/vc_column_inner][\/vc_row_inner][\/vc_column][\/vc_row][vc_row overlay_color=&#8221;rgba(0,0,0,0.01)&#8221; el_id=&#8221;zeiten&#8221;][vc_column]<div class=\"text-center page-header id_169fb02ad899c21037171211 animate-text alt-h\"><div style=\"color: #333333\"><\/p>\n<h2>\u00d6ffnungszeiten (Herbst\/Winter 22):<\/h2>\n<p><\/div><\/div><div class=\"custom-styles\" data-styles=\".id_169fb02ad899c21037171211 .post-meta li a, .id_169fb02ad899c21037171211 .post-meta { color: #333333 } .id_169fb02ad899c21037171211 .link-hover:after {background:#333333}\"><\/div>[vc_column_text]<\/p>\n<p style=\"text-align: center;\">Dienstag bis Samstag von 17Uhr &#8211; 23Uhr<\/p>\n<p style=\"text-align: center;\">Sonntag &amp; Montag geschlossen<\/p>\n<p>[\/vc_column_text][\/vc_column][\/vc_row][vc_row overlay_color=&#8221;rgba(0,0,0,0.01)&#8221; el_id=&#8221;reservierung&#8221;][vc_column][vc_empty_space height=&#8221;100px&#8221; height2=&#8221;62&#8243;]<div class=\"text-center page-header id_169fb02ad899ec276478516 animate-text alt-h\"><div style=\"color: #333333\"><\/p>\n<h2>Sie m\u00f6chten reservieren?<\/h2>\n<p><\/div><\/div><div class=\"custom-styles\" data-styles=\".id_169fb02ad899ec276478516 .post-meta li a, .id_169fb02ad899ec276478516 .post-meta { color: #333333 } .id_169fb02ad899ec276478516 .link-hover:after {background:#333333}\"><\/div>[vc_empty_space height=&#8221;50px&#8221;][vc_row_inner][vc_column_inner width=&#8221;1\/2&#8243;][vc_column_text css=&#8221;.vc_custom_1662984911372{padding-right: 10% !important;padding-left: 10% !important;}&#8221;]<strong>Reservierungen<\/strong><\/p>\n<p>Wenn Sie einen oder mehrere Tische reservieren m\u00f6chten, k\u00f6nnen Sie uns einfach unter <span style=\"color: #800000;\"><a style=\"color: #800000;\" href=\"tel:06994599415\">069 94 59 94 15<\/a> <\/span>anrufen (Di-Sa ab 16h) . \u00a0Gerne besprechen wir mit Ihnen alles weitere am Telefon.[\/vc_column_text][vc_empty_space height=&#8221;50px&#8221;][\/vc_column_inner][vc_column_inner width=&#8221;1\/2&#8243;][vc_column_text css=&#8221;.vc_custom_1662984991818{padding-right: 10% !important;padding-left: 10% !important;}&#8221;]<strong>Events &amp; Gr\u00f6\u00dferer Gruppen<\/strong><\/p>\n<p>Sie planen ein Event und ben\u00f6tigen einen verl\u00e4sslichen Austragungsort mit langj\u00e4hriger Erfahrung?<br \/>\nKein Problem, gerne besprechen wir mit Ihnen alle weiteren Details am Telefon <span style=\"color: #800000;\"><a style=\"color: #800000;\" href=\"tel:06994599415\">069 94 59 94 15<\/a> <\/span>(Di-Sa ab 16h)\u00a0<span style=\"color: #800000;\"><br \/>\n<\/span>[\/vc_column_text][vc_empty_space height=&#8221;50px&#8221;][\/vc_column_inner][\/vc_row_inner][\/vc_column][\/vc_row][vc_row disable_element=&#8221;yes&#8221; overlay_color=&#8221;rgba(0,0,0,0.01)&#8221;][vc_column][vc_empty_space height=&#8221;50px&#8221;]<div class=\"form-container form-with-image img_left id_169fb02ad89a211591136127\"><div class=\"form-image\">\n\t\t\t\t\t<div class=\"form-image-wrapper show-for-large\">\n\t\t\t\t\t\t<span class=\"img-wrapper\">\n\t\t\t\t\t\t\t<img width=\"900\" height=\"600\" src=\"https:\/\/bodega-el-amigo.de\/wp-content\/uploads\/importedmedia\/importedmedia--1024x683.jpg\" class=\"attachment-large size-large\" alt=\"\" loading=\"lazy\" srcset=\"https:\/\/bodega-el-amigo.de\/wp-content\/uploads\/importedmedia\/importedmedia--1024x683.jpg 1024w, https:\/\/bodega-el-amigo.de\/wp-content\/uploads\/importedmedia\/importedmedia--300x200.jpg 300w, https:\/\/bodega-el-amigo.de\/wp-content\/uploads\/importedmedia\/importedmedia--768x512.jpg 768w, https:\/\/bodega-el-amigo.de\/wp-content\/uploads\/importedmedia\/importedmedia--680x454.jpg 680w, https:\/\/bodega-el-amigo.de\/wp-content\/uploads\/importedmedia\/importedmedia-.jpg 1920w\" sizes=\"(max-width: 900px) 100vw, 900px\" \/>\n\t\t\t\t\t\t<\/span>\n\t\t\t\t\t<\/div>\n\t\t\t\t<\/div><div class=\"forms-style marco-form open-table-form animate-text\">\n\t\t\t\t\t<div class=\"form-wrapper\">\n\t\t\t\t\t\t<form method=\"get\" action=\"https:\/\/www.opentable.com\/restaurant-search.aspx\" target=\"_blank\">\n\t\t\t\t\t\t\t<fieldset class=\"open-table-details\">\n\t\t\t\t\t\t\t\t<div class=\"date mf-input ot-input\">\n\t\t\t\t\t\t\t\t\t<label for=\"date-otreservations\" style=\"color: #111111\">Date<\/label>\n\t\t\t\t\t\t\t\t\t<input id=\"date-otreservations\" name=\"startDate\" class=\"otw-reservation-date\" type=\"text\" style=\"color: #111111\" autocomplete=\"off\">\n\t\t\t\t\t\t\t\t<\/div>\n\t\t\t\t\t\t\t\t<div class=\"time mf-input ot-input\">\n\t\t\t\t\t\t\t\t\t<label for=\"time-otreservations\" style=\"color: #111111\">Time<\/label>\n\t\t\t\t\t\t\t\t\t<input class=\"otw-reservation-time\" type=\"text\" id=\"time-otreservations\" name=\"ResTime\" style=\"color: #111111\">\n\t\t\t\t\t\t\t\t<\/div>\n\t\t\t\t\t\t\t\t<div class=\"party mf-input ot-input\">\n\t\t\t\t\t\t\t\t\t<label for=\"party-otreservations\" style=\"color: #111111\">Party size<\/label>\n\t\t\t\t\t\t\t\t\t<input class=\"otw-party-size-select\" type=\"number\" min=\"1\" id=\"party-otreservations\" name=\"partySize\" style=\"color: #111111\">\n\t\t\t\t\t\t\t\t<\/div>\n\t\t\t\t\t\t\t<\/fieldset>\n\t\t\t\t\t\t\t<div class=\"text-center\"><button type=\"submit\" class=\"btn btn-lg btn-border-animate btn-dark  \">\n\t\t\t\t<span class=\"btn-text \">Find a table<span class=\"top button-border\"><\/span>\n\t\t\t\t<span class=\"left left-bottom button-border\"><\/span>\n\t\t\t\t<span class=\"left left-top button-border\"><\/span>\n\t\t\t\t<span class=\"bottom bottom-right button-border\"><\/span>\n\t\t\t\t<span class=\"bottom bottom-left button-border\"><\/span>\n\t\t\t\t<span class=\"right button-border\"><\/span><\/span>\n\t\t\t<\/button><\/div>\n\t\t\t\t\t\t\t<input type=\"hidden\" name=\"RestaurantID\" class=\"RestaurantID\" value=\"\">\n\t\t\t\t\t\t \t<input type=\"hidden\" name=\"rid\" class=\"rid\" value=\"\"> \n\t\t\t\t\t\t \t<input type=\"hidden\" name=\"txtDateFormat\" class=\"txtDateFormat\" value=\"DD\/MMMM\/YYYY\"> <input type=\"hidden\" name=\"RestaurantReferralID\" class=\"RestaurantReferralID\" value=\"\">\n\t\t\t\t\t\t<\/form>\n\t\t\t\t\t<\/div>\n\t\t\t\t<\/div><\/div><div class=\"custom-styles\" data-styles=\".id_169fb02ad89a211591136127 .forms-style .ot-input .border-label:after, .id_169fb02ad89a211591136127 .ot-input:after { background-color: #111111 !important;  } .id_169fb02ad89a211591136127 .forms-style .ot-input .border-label:after { background-color: #111111;  } .id_169fb02ad89a211591136127 .open-table-form fieldset:after { background-color: #dddddd; }\"><\/div>[vc_empty_space height=&#8221;100px&#8221;][\/vc_column][\/vc_row][vc_row full_width=&#8221;stretch_row_content_no_spaces&#8221; overlay_color=&#8221;rgba(0,0,0,0.01)&#8221;][vc_column][vc_gmaps link=&#8221;#E-8_JTNDaWZyYW1lJTIwc3JjJTNEJTIyaHR0cHMlM0ElMkYlMkZ3d3cuZ29vZ2xlLmNvbSUyRm1hcHMlMkZlbWJlZCUzRnBiJTNEJTIxMW0xOCUyMTFtMTIlMjExbTMlMjExZDI1NTcuODAxMjA5MzA3ODQ2NCUyMTJkOC43MDMwODk0MTU1ODM0ODMlMjEzZDUwLjEyNzQ0MTcxODQ2NzUyJTIxMm0zJTIxMWYwJTIxMmYwJTIxM2YwJTIxM20yJTIxMWkxMDI0JTIxMmk3NjglMjE0ZjEzLjElMjEzbTMlMjExbTIlMjExczB4NDdiZDBlZWI3Yzc3ZjliOSUyNTNBMHgzYTlkMzk5N2E4YzY2NzJlJTIxMnNCb2RlZ2ElMjUyMGVsJTI1MjBBbWlnbyUyMTVlMCUyMTNtMiUyMTFzZW4lMjEyc2RlJTIxNHYxNTgyNjIzMjE3Nzk0JTIxNW0yJTIxMXNlbiUyMTJzZGUlMjIlMjB3aWR0aCUzRCUyMjYwMCUyMiUyMGhlaWdodCUzRCUyMjQ1MCUyMiUyMGZyYW1lYm9yZGVyJTNEJTIyMCUyMiUyMHN0eWxlJTNEJTIyYm9yZGVyJTNBMCUzQiUyMiUyMGFsbG93ZnVsbHNjcmVlbiUzRCUyMiUyMiUzRSUzQyUyRmlmcmFtZSUzRQ==&#8221;][\/vc_column][\/vc_row]<\/p>\n<\/div>","protected":false},"excerpt":{"rendered":"<p>[vc_row overlay_color=&#8221;rgba(0,0,0,0.01)&#8221; el_id=&#8221;lieferung&#8221;][vc_column width=&#8221;1\/4&#8243;][vc_icon type=&#8221;entypo&#8221; icon_entypo=&#8221;entypo-icon entypo-icon-info&#8221; color=&#8221;black&#8221; background_style=&#8221;rounded-outline&#8221; size=&#8221;lg&#8221; align=&#8221;center&#8221;][\/vc_column][vc_column width=&#8221;1\/2&#8243;][vc_empty_space][vc_empty_space][vc_column_text] Telefonnummer f\u00fcr Reservierungen &amp; Bestellungen: 069 94 59 94 15 (Di-Sa, 16:00 Uhr-21:00Uhr) \u00d6ffnungszeiten Weihnachten &amp; Silvester &nbsp; 23.12.2025 ge\u00f6ffnet 17:00-23:00Uhr 24.12.2025 geschlossen 25.12.2025 geschlossen 26.12.2025 offen 17:00-23:00 Uhr 27.12.2025 offen 17:00-23:00 Uhr 28.12.2025 &#8211; einschlie\u00dflich 01.01.2025 geschlossen. Ab dem 02.01.2026 sind wir [&hellip;]<\/p>\n","protected":false},"author":2,"featured_media":0,"parent":0,"menu_order":0,"comment_status":"closed","ping_status":"closed","template":"page-templates\/home.php","meta":[],"_links":{"self":[{"href":"https:\/\/bodega-el-amigo.de\/index.php?rest_route=\/wp\/v2\/pages\/666"}],"collection":[{"href":"https:\/\/bodega-el-amigo.de\/index.php?rest_route=\/wp\/v2\/pages"}],"about":[{"href":"https:\/\/bodega-el-amigo.de\/index.php?rest_route=\/wp\/v2\/types\/page"}],"author":[{"embeddable":true,"href":"https:\/\/bodega-el-amigo.de\/index.php?rest_route=\/wp\/v2\/users\/2"}],"replies":[{"embeddable":true,"href":"https:\/\/bodega-el-amigo.de\/index.php?rest_route=%2Fwp%2Fv2%2Fcomments&post=666"}],"version-history":[{"count":11,"href":"https:\/\/bodega-el-amigo.de\/index.php?rest_route=\/wp\/v2\/pages\/666\/revisions"}],"predecessor-version":[{"id":959,"href":"https:\/\/bodega-el-amigo.de\/index.php?rest_route=\/wp\/v2\/pages\/666\/revisions\/959"}],"wp:attachment":[{"href":"https:\/\/bodega-el-amigo.de\/index.php?rest_route=%2Fwp%2Fv2%2Fmedia&parent=666"}],"curies":[{"name":"wp","href":"https:\/\/api.w.org\/{rel}","templated":true}]}}